{"id":23105,"date":"2024-11-01T12:08:30","date_gmt":"2024-11-01T12:08:30","guid":{"rendered":"https:\/\/kusijego.com\/product\/hemijsko-ciscenje-lica\/"},"modified":"2024-11-22T08:16:10","modified_gmt":"2024-11-22T08:16:10","slug":"hemijsko-ciscenje-lica","status":"publish","type":"product","link":"https:\/\/kusijego.com\/ba\/ba\/lekcije\/hemijsko-ciscenje-lica\/","title":{"rendered":"Hemijsko \u010di\u0161\u0107enje lica"},"content":{"rendered":"","protected":false},"excerpt":{"rendered":"","protected":false},"featured_media":0,"template":"","meta":[],"product_cat":[15],"product_tag":[],"class_list":{"0":"post-23105","1":"product","2":"type-product","3":"status-publish","5":"product_cat-uncategorized","7":"first","8":"instock","9":"virtual","10":"sold-individually","11":"purchasable","12":"product-type-simple","13":"add-to-wishlist-after_add_to_cart"},"_links":{"self":[{"href":"https:\/\/kusijego.com\/ba\/wp-json\/wp\/v2\/product\/23105","targetHints":{"allow":["GET"]}}],"collection":[{"href":"https:\/\/kusijego.com\/ba\/wp-json\/wp\/v2\/product"}],"about":[{"href":"https:\/\/kusijego.com\/ba\/wp-json\/wp\/v2\/types\/product"}],"version-history":[{"count":0,"href":"https:\/\/kusijego.com\/ba\/wp-json\/wp\/v2\/product\/23105\/revisions"}],"wp:attachment":[{"href":"https:\/\/kusijego.com\/ba\/wp-json\/wp\/v2\/media?parent=23105"}],"wp:term":[{"taxonomy":"product_cat","embeddable":true,"href":"https:\/\/kusijego.com\/ba\/wp-json\/wp\/v2\/product_cat?post=23105"},{"taxonomy":"product_tag","embeddable":true,"href":"https:\/\/kusijego.com\/ba\/wp-json\/wp\/v2\/product_tag?post=23105"}],"curies":[{"name":"wp","href":"https:\/\/api.w.org\/{rel}","templated":true}]}}