{"id":3,"date":"2025-01-08T14:32:57","date_gmt":"2025-01-08T13:32:57","guid":{"rendered":"https:\/\/kusijego.com\/?page_id=3"},"modified":"2025-01-10T12:21:00","modified_gmt":"2025-01-10T11:21:00","slug":"sigurnost-placanja-kreditnim-karticama","status":"publish","type":"page","link":"https:\/\/kusijego.com\/ba\/sigurnost-placanja-kreditnim-karticama\/","title":{"rendered":"Sigurnost pla\u0107anja kreditnim karticama"},"content":{"rendered":"\t\t<div data-elementor-type=\"wp-page\" data-elementor-id=\"3\" class=\"elementor elementor-3\" data-elementor-settings=\"{&quot;ha_cmc_init_switcher&quot;:&quot;no&quot;}\" data-elementor-post-type=\"page\">\n\t\t\t\t<div data-particle_enable=\"false\" data-particle-mobile-disabled=\"false\" class=\"elementor-element elementor-element-1d99878f e-flex e-con-boxed e-con e-parent\" data-id=\"1d99878f\" data-element_type=\"container\" data-settings=\"{&quot;_ha_eqh_enable&quot;:false}\">\n\t\t\t\t\t<div class=\"e-con-inner\">\n\t\t\t\t<div class=\"elementor-element elementor-element-7e7b9bb6 elementor-widget elementor-widget-text-editor\" data-id=\"7e7b9bb6\" data-element_type=\"widget\" data-widget_type=\"text-editor.default\">\n\t\t\t\t<div class=\"elementor-widget-container\">\n\t\t\t\t\t\t\t\t\t<h3>Sigurnost pla\u0107anja kreditnim karticama<\/h3>\n<p>Tajnost Va\u0161ih podataka je za\u0161ti\u0107ena i osigurana kori\u0161tenjem posljednje verzije TLS enkripcije. Stranice za naplatu<br \/>putem interneta osigurane su kori\u0161tenjem Secure Socket Layer (SSL) protokola sa 128-bitnom enkripcijom<br \/>podataka. SSL enkripcija je postupak \u0161ifriranja podataka radi sprje\u010davanja neovla\u0161tenog pristupa prilikom<br \/>njihovog prijenosa.<br \/>Time je omogu\u0107en siguran prijenos informacija te onemogu\u0107en nedozvoljen pristup podacima prilikom<br \/>komunikacije izme\u0111u korisnikovog ra\u010dunala i WebPay servisa, te obratno.<br \/>WebPay servis i financijske ustanove razmjenjuju podatke uporabom virtualne privatne mre\u017ee (VPN), koja je<br \/>za\u0161ti\u0107ena od neautoriziranog pristupa.<br \/>Monri Payment Gateway je certificiran prema PCI DSS Level 1 sigurnosnom standardu propisanom Visa i<br \/>Mastercard pravilima.<br \/>Trgovac ne pohranjuje brojeve kreditnih kartica i brojevi nisu dostupni neovla\u0161tenim osobama.<\/p>\t\t\t\t\t\t\t\t<\/div>\n\t\t\t\t<\/div>\n\t\t\t\t\t<\/div>\n\t\t\t\t<\/div>\n\t\t\t\t<\/div>\n\t\t","protected":false},"excerpt":{"rendered":"<p>Sigurnost pla\u0107anja kreditnim karticama Tajnost Va\u0161ih podataka je za\u0161ti\u0107ena i osigurana kori\u0161tenjem posljednje verzije TLS enkripcije. Stranice za naplatuputem interneta osigurane su kori\u0161tenjem Secure Socket Layer (SSL) protokola sa 128-bitnom enkripcijompodataka. SSL enkripcija je postupak \u0161ifriranja podataka radi sprje\u010davanja neovla\u0161tenog pristupa prilikomnjihovog prijenosa.Time je omogu\u0107en siguran prijenos informacija te onemogu\u0107en nedozvoljen pristup podacima prilikomkomunikacije izme\u0111u&#8230;<\/p>\n","protected":false},"author":206,"featured_media":0,"parent":0,"menu_order":0,"comment_status":"closed","ping_status":"closed","template":"","meta":{"footnotes":""},"class_list":["post-3","page","type-page","status-publish","hentry"],"_links":{"self":[{"href":"https:\/\/kusijego.com\/ba\/wp-json\/wp\/v2\/pages\/3","targetHints":{"allow":["GET"]}}],"collection":[{"href":"https:\/\/kusijego.com\/ba\/wp-json\/wp\/v2\/pages"}],"about":[{"href":"https:\/\/kusijego.com\/ba\/wp-json\/wp\/v2\/types\/page"}],"author":[{"embeddable":true,"href":"https:\/\/kusijego.com\/ba\/wp-json\/wp\/v2\/users\/206"}],"replies":[{"embeddable":true,"href":"https:\/\/kusijego.com\/ba\/wp-json\/wp\/v2\/comments?post=3"}],"version-history":[{"count":8,"href":"https:\/\/kusijego.com\/ba\/wp-json\/wp\/v2\/pages\/3\/revisions"}],"predecessor-version":[{"id":25138,"href":"https:\/\/kusijego.com\/ba\/wp-json\/wp\/v2\/pages\/3\/revisions\/25138"}],"wp:attachment":[{"href":"https:\/\/kusijego.com\/ba\/wp-json\/wp\/v2\/media?parent=3"}],"curies":[{"name":"wp","href":"https:\/\/api.w.org\/{rel}","templated":true}]}}