{"id":22604,"date":"2025-01-08T14:32:57","date_gmt":"2025-01-08T13:32:57","guid":{"rendered":"https:\/\/tutor.edublink.co\/?page_id=3"},"modified":"2025-01-10T12:10:23","modified_gmt":"2025-01-10T11:10:23","slug":"izjava-o-privatnosti","status":"publish","type":"page","link":"https:\/\/kusijego.com\/ba\/izjava-o-privatnosti\/","title":{"rendered":"Izjava o privatnosti"},"content":{"rendered":"\t\t<div data-elementor-type=\"wp-page\" data-elementor-id=\"22604\" class=\"elementor elementor-22604\" data-elementor-settings=\"{&quot;ha_cmc_init_switcher&quot;:&quot;no&quot;}\" data-elementor-post-type=\"page\">\n\t\t\t\t<div data-particle_enable=\"false\" data-particle-mobile-disabled=\"false\" class=\"elementor-element elementor-element-1d35e896 e-flex e-con-boxed e-con e-parent\" data-id=\"1d35e896\" data-element_type=\"container\" data-settings=\"{&quot;_ha_eqh_enable&quot;:false}\">\n\t\t\t\t\t<div class=\"e-con-inner\">\n\t\t\t\t<div class=\"elementor-element elementor-element-2bc4f71a elementor-widget elementor-widget-text-editor\" data-id=\"2bc4f71a\" data-element_type=\"widget\" data-widget_type=\"text-editor.default\">\n\t\t\t\t<div class=\"elementor-widget-container\">\n\t\t\t\t\t\t\t\t\t<h3>Izjava o privatnosti<\/h3>\n<p>Prodajno mjesto mora kupcima osigurati mogu\u0107nost da ne pristanu na sudjelovanje u marketin\u0161kim akcijama i da ne budu suglasni s davanjem svojih osobnih podataka na kori\u0161tenje tre\u0107im osobama.<\/p>\n<h3><br \/>Izjava o za\u0161titi i prikupljanju li\u010dnih podataka<\/h3>\n<p>Obavezujemo se pru\u017eati za\u0161titu li\u010dnim podacima kupaca, na na\u010din da prikupljamo samo nu\u017ene, osnovne<br \/>podatke o kupcima \/ korisnicima koji su nu\u017eni za ispunjenje na\u0161ih obaveza; informiramo kupce o na\u010dinu kori\u0161tenja<br \/>prikupljenih podataka, redovno dajemo kupcima mogu\u0107nost izbora o upotrebi njihovih podataka, uklju\u010duju\u0107i<br \/>mogu\u0107nost odluke \u017eele li ili ne da se njihovo ime ukloni s lista koje se koriste za marketin\u0161ke kampanje.<br \/>Svi se podaci o korisnicima strogo \u010duvaju i dostupni su samo djelatnicima kojima su ti podaci nu\u017eni za obavljanje<br \/>posla. Svi na\u0161i djelatnici i poslovni partneri odgovorni su za po\u0161tivanje na\u010dela za\u0161tite privatnosti.<\/p>\t\t\t\t\t\t\t\t<\/div>\n\t\t\t\t<\/div>\n\t\t\t\t\t<\/div>\n\t\t\t\t<\/div>\n\t\t\t\t<\/div>\n\t\t","protected":false},"excerpt":{"rendered":"<p>Izjava o privatnosti Prodajno mjesto mora kupcima osigurati mogu\u0107nost da ne pristanu na sudjelovanje u marketin\u0161kim akcijama i da ne budu suglasni s davanjem svojih osobnih podataka na kori\u0161tenje tre\u0107im osobama. Izjava o za\u0161titi i prikupljanju li\u010dnih podataka Obavezujemo se pru\u017eati za\u0161titu li\u010dnim podacima kupaca, na na\u010din da prikupljamo samo nu\u017ene, osnovnepodatke o kupcima \/&#8230;<\/p>\n","protected":false},"author":206,"featured_media":0,"parent":0,"menu_order":0,"comment_status":"closed","ping_status":"closed","template":"","meta":{"footnotes":""},"class_list":["post-22604","page","type-page","status-publish","hentry"],"_links":{"self":[{"href":"https:\/\/kusijego.com\/ba\/wp-json\/wp\/v2\/pages\/22604","targetHints":{"allow":["GET"]}}],"collection":[{"href":"https:\/\/kusijego.com\/ba\/wp-json\/wp\/v2\/pages"}],"about":[{"href":"https:\/\/kusijego.com\/ba\/wp-json\/wp\/v2\/types\/page"}],"author":[{"embeddable":true,"href":"https:\/\/kusijego.com\/ba\/wp-json\/wp\/v2\/users\/206"}],"replies":[{"embeddable":true,"href":"https:\/\/kusijego.com\/ba\/wp-json\/wp\/v2\/comments?post=22604"}],"version-history":[{"count":8,"href":"https:\/\/kusijego.com\/ba\/wp-json\/wp\/v2\/pages\/22604\/revisions"}],"predecessor-version":[{"id":25157,"href":"https:\/\/kusijego.com\/ba\/wp-json\/wp\/v2\/pages\/22604\/revisions\/25157"}],"wp:attachment":[{"href":"https:\/\/kusijego.com\/ba\/wp-json\/wp\/v2\/media?parent=22604"}],"curies":[{"name":"wp","href":"https:\/\/api.w.org\/{rel}","templated":true}]}}