{"id":19541,"date":"2023-10-30T16:40:04","date_gmt":"2023-10-30T16:40:04","guid":{"rendered":"https:\/\/demo.edublink.co\/instructors\/"},"modified":"2025-01-08T08:01:01","modified_gmt":"2025-01-08T07:01:01","slug":"instruktorke","status":"publish","type":"page","link":"https:\/\/kusijego.com\/ba\/instruktorke\/","title":{"rendered":"Instruktorke"},"content":{"rendered":"\t\t<div data-elementor-type=\"wp-page\" data-elementor-id=\"19541\" class=\"elementor elementor-19541\" data-elementor-settings=\"{&quot;ha_cmc_init_switcher&quot;:&quot;no&quot;}\" data-elementor-post-type=\"page\">\n\t\t\t\t<div data-particle_enable=\"false\" data-particle-mobile-disabled=\"false\" class=\"elementor-element elementor-element-ae6206e e-flex e-con-boxed e-con e-parent\" data-id=\"ae6206e\" data-element_type=\"container\" data-settings=\"{&quot;_ha_eqh_enable&quot;:false}\">\n\t\t\t\t\t<div class=\"e-con-inner\">\n\t\t\t\t<div class=\"elementor-element elementor-element-11d814c elementor-widget elementor-widget-heading\" data-id=\"11d814c\" data-element_type=\"widget\" data-widget_type=\"heading.default\">\n\t\t\t\t<div class=\"elementor-widget-container\">\n\t\t\t\t\t<h2 class=\"elementor-heading-title elementor-size-default\">Kusijego instruktorke<\/h2>\t\t\t\t<\/div>\n\t\t\t\t<\/div>\n\t\t\t\t\t<\/div>\n\t\t\t\t<\/div>\n\t\t\t\t<section data-particle_enable=\"false\" data-particle-mobile-disabled=\"false\" class=\"elementor-section elementor-top-section elementor-element elementor-element-5749a07 elementor-section-boxed elementor-section-height-default elementor-section-height-default\" data-id=\"5749a07\" data-element_type=\"section\" data-settings=\"{&quot;_ha_eqh_enable&quot;:false}\">\n\t\t\t\t\t\t<div class=\"elementor-container elementor-column-gap-default\">\n\t\t\t\t\t<div class=\"elementor-column elementor-col-100 elementor-top-column elementor-element elementor-element-4f900a5\" data-id=\"4f900a5\" data-element_type=\"column\">\n\t\t\t<div class=\"elementor-widget-wrap elementor-element-populated\">\n\t\t\t\t\t\t<section data-particle_enable=\"true\" class=\"eael-section-particles-ac1367b elementor-section elementor-inner-section elementor-element elementor-element-ac1367b elementor-section-boxed elementor-section-height-default elementor-section-height-default\" data-eael_ptheme_source=\"presets\" data-preset_theme=\"default\" data-custom_style=\"\" data-particle_opacity=\"0.5\" data-particle_speed=\"6\" data-particle-mobile-disabled=\"false\" data-id=\"ac1367b\" data-element_type=\"section\" data-settings=\"{&quot;_ha_eqh_enable&quot;:false}\">\n\t\t\t\t\t\t<div class=\"elementor-container elementor-column-gap-extended\">\n\t\t\t\t\t<div class=\"elementor-column elementor-col-100 elementor-inner-column elementor-element elementor-element-7a8bcfa\" data-id=\"7a8bcfa\" data-element_type=\"column\">\n\t\t\t<div class=\"elementor-widget-wrap elementor-element-populated\">\n\t\t\t\t\t\t<div class=\"elementor-element elementor-element-ebc4e96 elementor-widget__width-auto elementor-absolute e-transform elementor-hidden-tablet elementor-hidden-mobile elementor-invisible elementor-widget elementor-widget-edublink-animation\" data-id=\"ebc4e96\" data-element_type=\"widget\" data-settings=\"{&quot;_position&quot;:&quot;absolute&quot;,&quot;_animation&quot;:&quot;fadeIn&quot;,&quot;_animation_delay&quot;:500,&quot;_transform_flipX_effect&quot;:&quot;transform&quot;}\" data-widget_type=\"edublink-animation.default\">\n\t\t\t\t<div class=\"elementor-widget-container\">\n\t\t\t\t\t<div class=\"edublink-animation-widget edublink-animation-display-type-mouse-track edublink-animation-content-type-image edublink-mouse-track-item\"><span data-depth=\"-2\"><img decoding=\"async\" src=\"https:\/\/kusijego.com\/wp-content\/uploads\/2023\/05\/shape-13-2.png\" alt=\"Hero Shape 22\"><\/span><\/div>\t\t\t\t<\/div>\n\t\t\t\t<\/div>\n\t\t\t\t<div class=\"elementor-element elementor-element-c421533 ha-has-bg-overlay elementor-widget elementor-widget-edublink-team\" data-id=\"c421533\" data-element_type=\"widget\" data-widget_type=\"edublink-team.default\">\n\t\t\t\t<div class=\"elementor-widget-container\">\n\t\t\t\t\t<div class=\"eb-team-wrapper\"><div class=\"eb-team-container eb-team-grid edublink-row\"><div class=\"edublink-team-1-widget edublink-col-lg-4 edublink-col-md-6 edublink-col-sm-12\" data-sal=\"\"><div class=\"edublink-team-item\"><div class=\"thumbnail-wrap\"><div class=\"thumbnail\"><a href=\"http:\/\/www.kusijego.com\/ba\/senka-kuzmanovic\"><img decoding=\"async\" src=\"https:\/\/kusijego.com\/wp-content\/uploads\/2024\/12\/Senka.jpg\" alt=\"Senka\"><\/a><\/div><ul class=\"team-share-info\"><li><a href=\"#\"><i class=\"icon-share-alt\"><\/i><\/a><\/li><li><a href=\"#\" target=\"_blank\"><i class=\"icon-facebook\"><\/i><\/a><\/li><\/ul><\/div><div class=\"content\"><h5 class=\"title\"><a href=\"http:\/\/www.kusijego.com\/ba\/senka-kuzmanovic\">Senka Kuzmanovi\u0107<\/a><\/h5><span class=\"designation\">Magistar kozmetologije<\/span><\/div><\/div><\/div><div class=\"edublink-team-1-widget edublink-col-lg-4 edublink-col-md-6 edublink-col-sm-12\" data-sal=\"\"><div class=\"edublink-team-item\"><div class=\"thumbnail-wrap\"><div class=\"thumbnail\"><a href=\"http:\/\/www.kusijego.com\/ba\/marija-spaic\"><img decoding=\"async\" src=\"https:\/\/kusijego.com\/wp-content\/uploads\/2024\/12\/marija.jpg\" alt=\"marija\"><\/a><\/div><ul class=\"team-share-info\"><li><a href=\"#\"><i class=\"icon-share-alt\"><\/i><\/a><\/li><li><a href=\"#\" target=\"_blank\"><i class=\"icon-facebook\"><\/i><\/a><\/li><\/ul><\/div><div class=\"content\"><h5 class=\"title\"><a href=\"http:\/\/www.kusijego.com\/ba\/marija-spaic\">Marija Spai\u0107<\/a><\/h5><span class=\"designation\">Magistar kozmetologije. <\/span><\/div><\/div><\/div><div class=\"edublink-team-1-widget edublink-col-lg-4 edublink-col-md-6 edublink-col-sm-12\" data-sal=\"\"><div class=\"edublink-team-item\"><div class=\"thumbnail-wrap\"><div class=\"thumbnail\"><a href=\"http:\/\/www.kusijego.com\/ba\/jelena-arnautovic\"><img decoding=\"async\" src=\"https:\/\/kusijego.com\/wp-content\/uploads\/2024\/12\/Jelena.jpg\" alt=\"Jelena\"><\/a><\/div><ul class=\"team-share-info\"><li><a href=\"#\"><i class=\"icon-share-alt\"><\/i><\/a><\/li><li><a href=\"#\" target=\"_blank\"><i class=\"icon-facebook\"><\/i><\/a><\/li><\/ul><\/div><div class=\"content\"><h5 class=\"title\"><a href=\"http:\/\/www.kusijego.com\/ba\/jelena-arnautovic\">Jelena Arnautovi\u0107<\/a><\/h5><span class=\"designation\">Master predava\u010d, stru\u010dnjak u trajnoj \u0161minki i estetici<\/span><\/div><\/div><\/div><div class=\"edublink-team-1-widget edublink-col-lg-4 edublink-col-md-6 edublink-col-sm-12\" data-sal=\"\"><div class=\"edublink-team-item\"><div class=\"thumbnail-wrap\"><div class=\"thumbnail\"><a href=\"http:\/\/www.kusijego.com\/ba\/romana-zaric\"><img decoding=\"async\" src=\"https:\/\/kusijego.com\/wp-content\/uploads\/2024\/12\/romana.jpg\" alt=\"romana\"><\/a><\/div><ul class=\"team-share-info\"><li><a href=\"#\"><i class=\"icon-share-alt\"><\/i><\/a><\/li><li><a href=\"#\" target=\"_blank\"><i class=\"icon-facebook\"><\/i><\/a><\/li><\/ul><\/div><div class=\"content\"><h5 class=\"title\"><a href=\"http:\/\/www.kusijego.com\/ba\/romana-zaric\">Romana \u017dari\u0107<\/a><\/h5><span class=\"designation\">Kozmetologinja<\/span><\/div><\/div><\/div><\/div><\/div>\t\t\t\t<\/div>\n\t\t\t\t<\/div>\n\t\t\t\t\t<\/div>\n\t\t<\/div>\n\t\t\t\t\t<\/div>\n\t\t<\/section>\n\t\t            <style>\n                .elementor-element-ac1367b.eael-particles-section > canvas {\n                    z-index: -1;\n                    position: absolute;\n                    top:0;\n                }\n            <\/style>\n        \t\t\t<\/div>\n\t\t<\/div>\n\t\t\t\t\t<\/div>\n\t\t<\/section>\n\t\t\t\t<\/div>\n\t\t","protected":false},"excerpt":{"rendered":"<p>Kusijego instruktorke Senka Kuzmanovi\u0107 Magistar kozmetologije Marija Spai\u0107 Magistar kozmetologije. Jelena Arnautovi\u0107 Master predava\u010d, stru\u010dnjak u trajnoj \u0161minki i estetici Romana \u017dari\u0107 Kozmetologinja<\/p>\n","protected":false},"author":206,"featured_media":0,"parent":0,"menu_order":0,"comment_status":"closed","ping_status":"closed","template":"","meta":{"footnotes":""},"class_list":["post-19541","page","type-page","status-publish","hentry"],"_links":{"self":[{"href":"https:\/\/kusijego.com\/ba\/wp-json\/wp\/v2\/pages\/19541","targetHints":{"allow":["GET"]}}],"collection":[{"href":"https:\/\/kusijego.com\/ba\/wp-json\/wp\/v2\/pages"}],"about":[{"href":"https:\/\/kusijego.com\/ba\/wp-json\/wp\/v2\/types\/page"}],"author":[{"embeddable":true,"href":"https:\/\/kusijego.com\/ba\/wp-json\/wp\/v2\/users\/206"}],"replies":[{"embeddable":true,"href":"https:\/\/kusijego.com\/ba\/wp-json\/wp\/v2\/comments?post=19541"}],"version-history":[{"count":27,"href":"https:\/\/kusijego.com\/ba\/wp-json\/wp\/v2\/pages\/19541\/revisions"}],"predecessor-version":[{"id":25045,"href":"https:\/\/kusijego.com\/ba\/wp-json\/wp\/v2\/pages\/19541\/revisions\/25045"}],"wp:attachment":[{"href":"https:\/\/kusijego.com\/ba\/wp-json\/wp\/v2\/media?parent=19541"}],"curies":[{"name":"wp","href":"https:\/\/api.w.org\/{rel}","templated":true}]}}