{"id":11142,"date":"2023-07-11T14:54:23","date_gmt":"2023-07-11T14:54:23","guid":{"rendered":"https:\/\/devsedu.softatomic.com\/?page_id=11142"},"modified":"2025-01-10T12:20:31","modified_gmt":"2025-01-10T11:20:31","slug":"uslovi-koristenja","status":"publish","type":"page","link":"https:\/\/kusijego.com\/ba\/uslovi-koristenja\/","title":{"rendered":"Uslovi kori\u0161\u0107enja"},"content":{"rendered":"\t\t<div data-elementor-type=\"wp-page\" data-elementor-id=\"11142\" class=\"elementor elementor-11142\" data-elementor-settings=\"{&quot;ha_cmc_init_switcher&quot;:&quot;no&quot;}\" data-elementor-post-type=\"page\">\n\t\t\t\t\t\t<section data-particle_enable=\"false\" data-particle-mobile-disabled=\"false\" class=\"elementor-section elementor-top-section elementor-element elementor-element-b9f7919 elementor-section-boxed elementor-section-height-default elementor-section-height-default\" data-id=\"b9f7919\" data-element_type=\"section\" data-settings=\"{&quot;_ha_eqh_enable&quot;:false}\">\n\t\t\t\t\t\t<div class=\"elementor-container elementor-column-gap-extended\">\n\t\t\t\t\t<div class=\"elementor-column elementor-col-100 elementor-top-column elementor-element elementor-element-bbd9c3b\" data-id=\"bbd9c3b\" data-element_type=\"column\">\n\t\t\t<div class=\"elementor-widget-wrap elementor-element-populated\">\n\t\t\t\t\t\t<section data-particle_enable=\"false\" data-particle-mobile-disabled=\"false\" class=\"elementor-section elementor-inner-section elementor-element elementor-element-22c8084 elementor-section-boxed elementor-section-height-default elementor-section-height-default\" data-id=\"22c8084\" data-element_type=\"section\" data-settings=\"{&quot;_ha_eqh_enable&quot;:false}\">\n\t\t\t\t\t\t<div class=\"elementor-container elementor-column-gap-no\">\n\t\t\t\t\t<div class=\"elementor-column elementor-col-100 elementor-inner-column elementor-element elementor-element-87906a3\" data-id=\"87906a3\" data-element_type=\"column\">\n\t\t\t<div class=\"elementor-widget-wrap elementor-element-populated\">\n\t\t\t\t\t\t<div class=\"elementor-element elementor-element-54cbb7e elementor-widget elementor-widget-heading\" data-id=\"54cbb7e\" data-element_type=\"widget\" data-widget_type=\"heading.default\">\n\t\t\t\t<div class=\"elementor-widget-container\">\n\t\t\t\t\t<h3 class=\"elementor-heading-title elementor-size-default\">Uslovi kori\u0161tenja <\/h3>\t\t\t\t<\/div>\n\t\t\t\t<\/div>\n\t\t\t\t<div class=\"elementor-element elementor-element-6e9ab17 elementor-widget elementor-widget-text-editor\" data-id=\"6e9ab17\" data-element_type=\"widget\" data-widget_type=\"text-editor.default\">\n\t\t\t\t<div class=\"elementor-widget-container\">\n\t\t\t\t\t\t\t\t\t<p>Dobrodo\u0161li na video platformu Kusijego Akademije!<br \/>Ovi uslovi kori\u0161tenja (&#8220;Uslovi&#8221;) ure\u0111uju Va\u0161 pristup i kori\u0161\u0107enje video lekcija i drugih sadr\u017eaja dostupnih na na\u0161oj stranici. Pristupanjem i kori\u0161\u0107enjem stranice, saglasni ste sa svim odredbama ovih Uslova. Ako se ne sla\u017eete sa bilo kojim od uslova, molimo vas da ne koristite ovu stranicu.<\/p>\t\t\t\t\t\t\t\t<\/div>\n\t\t\t\t<\/div>\n\t\t\t\t\t<\/div>\n\t\t<\/div>\n\t\t\t\t\t<\/div>\n\t\t<\/section>\n\t\t\t\t<section data-particle_enable=\"false\" data-particle-mobile-disabled=\"false\" class=\"elementor-section elementor-inner-section elementor-element elementor-element-8e4ca56 elementor-section-boxed elementor-section-height-default elementor-section-height-default\" data-id=\"8e4ca56\" data-element_type=\"section\" data-settings=\"{&quot;_ha_eqh_enable&quot;:false}\">\n\t\t\t\t\t\t<div class=\"elementor-container elementor-column-gap-no\">\n\t\t\t\t\t<div class=\"elementor-column elementor-col-100 elementor-inner-column elementor-element elementor-element-17aa1de\" data-id=\"17aa1de\" data-element_type=\"column\">\n\t\t\t<div class=\"elementor-widget-wrap elementor-element-populated\">\n\t\t\t\t\t\t<div class=\"elementor-element elementor-element-ce6c2ca elementor-widget elementor-widget-heading\" data-id=\"ce6c2ca\" data-element_type=\"widget\" data-widget_type=\"heading.default\">\n\t\t\t\t<div class=\"elementor-widget-container\">\n\t\t\t\t\t<h4 class=\"elementor-heading-title elementor-size-default\">Osnovne informacije o prodajnom mjestu<\/h4>\t\t\t\t<\/div>\n\t\t\t\t<\/div>\n\t\t\t\t<div class=\"elementor-element elementor-element-7f0e39d elementor-widget elementor-widget-text-editor\" data-id=\"7f0e39d\" data-element_type=\"widget\" data-widget_type=\"text-editor.default\">\n\t\t\t\t<div class=\"elementor-widget-container\">\n\t\t\t\t\t\t\t\t\t<ul><li><strong>Registarski broj: 01051100<\/strong><\/li><li><strong>Poslovno ime: Kozmeti\u010dki salon Kusijego, Senka Kuzmanovi\u0107, Banja Luka<\/strong><\/li><li><strong>Skra\u0107eno poslovno ime: Kusijego Senka Kuzmanovi\u0107 s.p. Banja Luka<\/strong><\/li><li><strong>JIB: 4508473900007<\/strong><br \/><strong>Sjedi\u0161te ulica i broj: Marije Bursa\u0107 5<\/strong><br \/><strong>Mjesto: Banja Luka<\/strong><\/li><li><strong>\u0160ifra i naziv prete\u017ene djelatnosti: 96.02 Frizerski i drugi tretmani za uljep\u0161avanje<\/strong><\/li><li><strong>Kontakt: <\/strong><strong>kusijegoakademija@gmail.com <\/strong><\/li><li><strong>Telefon: +38765544845<\/strong><\/li><\/ul>\t\t\t\t\t\t\t\t<\/div>\n\t\t\t\t<\/div>\n\t\t\t\t<div class=\"elementor-element elementor-element-d6be60b elementor-widget elementor-widget-heading\" data-id=\"d6be60b\" data-element_type=\"widget\" data-widget_type=\"heading.default\">\n\t\t\t\t<div class=\"elementor-widget-container\">\n\t\t\t\t\t<h4 class=\"elementor-heading-title elementor-size-default\">Pristup i kori\u0161\u0107enje stranice<\/h4>\t\t\t\t<\/div>\n\t\t\t\t<\/div>\n\t\t\t\t<div class=\"elementor-element elementor-element-68e1a3c elementor-widget elementor-widget-text-editor\" data-id=\"68e1a3c\" data-element_type=\"widget\" data-widget_type=\"text-editor.default\">\n\t\t\t\t<div class=\"elementor-widget-container\">\n\t\t\t\t\t\t\t\t\t<ul><li>Stranica nudi video lekcije koje su pla\u0107ene. Da biste imali pristup sadr\u017eaju, potrebno je da se registrujete i izvr\u0161ite uplatu prema dostupnim opcijama na stranici.<\/li><li>Kori\u0161\u0107enje stranice i njenih usluga je dozvoljeno samo za li\u010dne, edukativne i nekomercijalne svrhe. Nije dozvoljeno preprodavanje, distribuiranje ili javno prikazivanje sadr\u017eaja bez na\u0161e saglasnosti.<\/li><\/ul>\t\t\t\t\t\t\t\t<\/div>\n\t\t\t\t<\/div>\n\t\t\t\t\t<\/div>\n\t\t<\/div>\n\t\t\t\t\t<\/div>\n\t\t<\/section>\n\t\t\t\t<section data-particle_enable=\"false\" data-particle-mobile-disabled=\"false\" class=\"elementor-section elementor-inner-section elementor-element elementor-element-a239ebd elementor-section-boxed elementor-section-height-default elementor-section-height-default\" data-id=\"a239ebd\" data-element_type=\"section\" data-settings=\"{&quot;_ha_eqh_enable&quot;:false}\">\n\t\t\t\t\t\t<div class=\"elementor-container elementor-column-gap-no\">\n\t\t\t\t\t<div class=\"elementor-column elementor-col-100 elementor-inner-column elementor-element elementor-element-a92836f\" data-id=\"a92836f\" data-element_type=\"column\">\n\t\t\t<div class=\"elementor-widget-wrap elementor-element-populated\">\n\t\t\t\t\t\t<div class=\"elementor-element elementor-element-48984e8 elementor-widget elementor-widget-heading\" data-id=\"48984e8\" data-element_type=\"widget\" data-widget_type=\"heading.default\">\n\t\t\t\t<div class=\"elementor-widget-container\">\n\t\t\t\t\t<h4 class=\"elementor-heading-title elementor-size-default\">Pla\u0107anje i pretplata<\/h4>\t\t\t\t<\/div>\n\t\t\t\t<\/div>\n\t\t\t\t<div class=\"elementor-element elementor-element-e151c00 elementor-widget elementor-widget-text-editor\" data-id=\"e151c00\" data-element_type=\"widget\" data-widget_type=\"text-editor.default\">\n\t\t\t\t<div class=\"elementor-widget-container\">\n\t\t\t\t\t\t\t\t\t<ul><li>Stranica nudi razli\u010dite opcije pretplate i jednokratne uplate za pristup video lekcijama.<\/li><li>Svi iznosi su prikazani u lokalnoj valuti i uklju\u010duju sve va\u017ee\u0107e poreze, ako je primenjivo.<\/li><li>Uplata se vr\u0161i putem sigurnih platnih sistema. Preporu\u010dujemo da se detaljno informi\u0161ete o uslovima i metodama pla\u010danja dostupnim na stranici.<\/li><li>Svi podaci o va\u0161im platnim karticama ili drugim metodama pla\u0107anja \u0107e biti za\u0161ti\u0107eni prema na\u0161oj Politici privatnosti.<\/li><\/ul>\t\t\t\t\t\t\t\t<\/div>\n\t\t\t\t<\/div>\n\t\t\t\t\t<\/div>\n\t\t<\/div>\n\t\t\t\t\t<\/div>\n\t\t<\/section>\n\t\t\t\t<section data-particle_enable=\"false\" data-particle-mobile-disabled=\"false\" class=\"elementor-section elementor-inner-section elementor-element elementor-element-125e3a7 elementor-section-boxed elementor-section-height-default elementor-section-height-default\" data-id=\"125e3a7\" data-element_type=\"section\" data-settings=\"{&quot;_ha_eqh_enable&quot;:false}\">\n\t\t\t\t\t\t<div class=\"elementor-container elementor-column-gap-no\">\n\t\t\t\t\t<div class=\"elementor-column elementor-col-100 elementor-inner-column elementor-element elementor-element-df875ed\" data-id=\"df875ed\" data-element_type=\"column\">\n\t\t\t<div class=\"elementor-widget-wrap elementor-element-populated\">\n\t\t\t\t\t\t<div class=\"elementor-element elementor-element-0d99798 elementor-widget elementor-widget-heading\" data-id=\"0d99798\" data-element_type=\"widget\" data-widget_type=\"heading.default\">\n\t\t\t\t<div class=\"elementor-widget-container\">\n\t\t\t\t\t<h4 class=\"elementor-heading-title elementor-size-default\">Prava na sadr\u017eaj<\/h4>\t\t\t\t<\/div>\n\t\t\t\t<\/div>\n\t\t\t\t<div class=\"elementor-element elementor-element-ea876b8 elementor-widget elementor-widget-text-editor\" data-id=\"ea876b8\" data-element_type=\"widget\" data-widget_type=\"text-editor.default\">\n\t\t\t\t<div class=\"elementor-widget-container\">\n\t\t\t\t\t\t\t\t\t<h3>USLOVI KUPOVINE<\/h3><p>Ovim se uslovima utvr\u0111uje postupak naru\u010divanja, pla\u0107anja, isporuke te reklamacija proizvoda koji su ponu\u0111eni<br \/>na ovim stranicama. Kusijego.com Internet stranice mogu se koristiti za Va\u0161u privatnu upotrebu bez ikakvih naknada<br \/>za kori\u0161tenje, a prema sljede\u0107im uslovima i pravilima.<br \/>Prodavac je Kusijego , a kupac je posjetilac ovih stranica koji popuni elektronsku narud\u017ebu, po\u0161alje je<br \/>prodavatelju te izvr\u0161i pla\u0107anje putem kreditnih kartica ili pouze\u0107em.<\/p><h3>NARU\u010cIVANJE<\/h3><p>Kupac naru\u010duje proizvod ili proizvode putem elektronskog obrasca narud\u017ebe.<br \/>Kupcem se smatra svaka osoba koja elektronski naru\u010di barem jedan proizvod, popuni tra\u017eene podatke i po\u0161alje<br \/>narud\u017ebu.<br \/>Sve cijene izra\u017eene su u BiH vakuti (KM ili BAM) PDV-om.<\/p><p>Roba se naru\u010duje elektronskim putem, pritiskom na odre\u0111eni proizvod te spremanjem istog u ko\u0161aricu.<br \/>Roba se smatra naru\u010denom u trenutku kada kupac odabere te potvrdi na\u010din pla\u0107anja.<\/p><h3>PLA\u0106ANJE<\/h3><p>Naru\u010deni proizvodi ili usluge pla\u0107aju se online jednom od kreditnih kartica: Mastercard, Maestro ili Visa.<br \/>Upute i pravila za izradu internet prodajnog mjesta<\/p><h3>ISPORUKA<\/h3><p>Isporuka se vr\u0161i online putem tj kupac naru\u010dani sadr\u017eaj pregledava internetom nakon pla\u0107anja.<br \/><br \/>Kad kupac izabere opciju downloada proizvoda, prodavatelj se obavezuje poslati obavijest<br \/>isklju\u010divo u obliku elektronske po\u0161te kupcu na kojoj \u0107e se nalaziti linkovi za download i upute. Nakon primitka<br \/>elektronske po\u0161te (obavijesti o downloadu) kupac mo\u017ee odmah pristupiti downloadu proizvoda.<\/p><h3><br \/>REKLAMACIJE<\/h3><p>Prodavatelj se obavezuje isporu\u010diti proizvod koji je tehni\u010dki ispravan te odgovara opisu proizvoda navedenom na<br \/>www.kusijego.com<br \/><br \/>U slu\u010daju tehni\u010dke neispravnosti audio zapisa koji su pohranjeni na prijenosniku zvuka prodavac preuzima<br \/>potpunu odgovornost. U slu\u010daju tehni\u010dke neispravnosti, kupac je du\u017ean reklamirati proizvod u roku od 4 (\u010detiri)<br \/>radna dana. Nakon \u0161to reklamira tehni\u010dku neispravnost kupac je du\u017ean po\u0161tom, uz dostavnicu, vratiti<br \/>tehni\u010dki neispravan prijenosnik zvuka nakon \u010dega \u0107e prodavatelj u roku od 3 (tri) radna dana poslati kupcu<br \/>zamjenski proizvod, bez ikakve naknade. U slu\u010daju gore navedenog kupac nema pravo tra\u017eiti povrat novca, ve\u0107<br \/>isklju\u010divo zamjenski proizvod.<br \/>Prodavatelj nije odgovoran za eventualna o\u0161te\u0107enja i ostale obveze koje se nalaze u domeni dostavlja\u010da (tvrtka<br \/>koja obavlja poslove dostave proizvoda).<br \/>Ako kupac odabere opciju downloada proizvoda te kupac ne bude u mogu\u0107nosti obaviti download zbog tehni\u010dkih<br \/>problema uzrokovanih na serveru prodavatelja prodavatelj se obvezuje poslati elektronsku po\u0161tu sa novom<br \/>mogu\u0107nosti za download za \u0161to kupac ne snosi nikakve tro\u0161kove.<br \/>U slu\u010daju da kupac niti tada ne bude u stanju obaviti download koji je uzrokovan zbog tehni\u010dkih problema na<br \/>serveru prodavatelja, kupac je du\u017ean o tome kontaktirati prodajnu slu\u017ebu prodavatelja koja \u0107e ponuditi<br \/>adekvatno rje\u0161enje koje u sebi ne\u0107e sadr\u017eavati nikakvu naknadu i daljnje tro\u0161kove od strane kupca. Kupac nema<br \/>pravo tra\u017eiti povrat novca u ovoj situaciji.<br \/>Upute i pravila za izradu internet prodajnog mjesta<br \/><br \/>U slu\u010daju da kupac ne mo\u017ee preuzeti (download) proizvod, a tehni\u010dki problemi nisu vezani za prodavatelja, ve\u0107<br \/>su uzrokovani od strane kupca, operatera ili tre\u0107e osobe prodavatelj ne snosi nikakvu odgovornost I nije du\u017ean<br \/>kupcu omogu\u0107iti download ili isporuku robe bez naknade.<br \/>Kupac je u roku od 5 (pet) radnih dana du\u017ean preuzeti (download) proizvod, nakon toga vi\u0161e ne\u0107e mo\u0107i, bez<br \/>obzira \u0161to je izvr\u0161io uplatu, preuzeti (download) proizvod. U ovom slu\u010daju kupac se odri\u010de bilo kakve reklamacije.<\/p><h3><br \/>ZA\u0160TITA AUTORSKIH PRAVA<\/h3><p>Sva prava nakladnika i nositelja programa na snimljenom i tiskanom djelu su pridr\u017eana. Izdava\u010d i nakladnik je<br \/>TVRTKA d.o.o. Kupac se obvezuje da ne\u0107e neovla\u0161teno umno\u017eavati, izvoditi, koristi za radio difuziju te prodavati<br \/>proizvode prodavatelja niti bilo koji dio tih proizvoda.<br \/>OP\u0106ENITO<br \/>TVRTKA d.o.o. zadr\u017eava pravo na izmjenu ovih uvjeta i pravila. Sve promjene primijenit \u0107e se na kori\u0161tenje<br \/>TVRTKA.hr stranica. Kupac snosi odgovornost za to\u010dnost i potpunost unesenih podataka prilikom kupovine.<br \/>Usluge koje Vam pru\u017ea TVRTKA.hr Internet prodavaonica ne uklju\u010duje tro\u0161kove koje snosite koriste\u0107i ra\u010dunalnu<br \/>opremu i usluge za pristup na\u0161im stranicama. TVRTKA d.o.o. nije odgovorna za tro\u0161kove telefona, Internet<br \/>prometa ili bilo koje druge tro\u0161kove do kojih mo\u017ee do\u0107i.<br \/>Iako Vam TVRTKA d.o.o. nastoji dati najbolju mogu\u0107u ponudu usluga, TVRTKA d.o.o. ne mo\u017ee garantirati da \u0107e<br \/>usluge na TVRTKA.hr odgovarati Va\u0161im potrebama.<br \/>TVRTKA d.o.o. tako\u0111er ne mo\u017ee garantirati da \u0107e usluga biti bez pogre\u0161aka. Ukoliko do\u0111e do pogre\u0161ke, molimo<br \/>Vas da je prijavite na\u0161em Kontakt centru ili na e-mail info@TVRTKA.hr kako bismo je otklonili na najbr\u017ei mogu\u0107i na\u010din.<\/p>\t\t\t\t\t\t\t\t<\/div>\n\t\t\t\t<\/div>\n\t\t\t\t\t<\/div>\n\t\t<\/div>\n\t\t\t\t\t<\/div>\n\t\t<\/section>\n\t\t\t\t<section data-particle_enable=\"false\" data-particle-mobile-disabled=\"false\" class=\"elementor-section elementor-inner-section elementor-element elementor-element-c1ee10a elementor-section-boxed elementor-section-height-default elementor-section-height-default\" data-id=\"c1ee10a\" data-element_type=\"section\" data-settings=\"{&quot;_ha_eqh_enable&quot;:false}\">\n\t\t\t\t\t\t<div class=\"elementor-container elementor-column-gap-no\">\n\t\t\t\t\t<div class=\"elementor-column elementor-col-100 elementor-inner-column elementor-element elementor-element-b12c480\" data-id=\"b12c480\" data-element_type=\"column\">\n\t\t\t<div class=\"elementor-widget-wrap elementor-element-populated\">\n\t\t\t\t\t\t<div class=\"elementor-element elementor-element-49f9c07 elementor-widget elementor-widget-heading\" data-id=\"49f9c07\" data-element_type=\"widget\" data-widget_type=\"heading.default\">\n\t\t\t\t<div class=\"elementor-widget-container\">\n\t\t\t\t\t<h4 class=\"elementor-heading-title elementor-size-default\">Ograni\u010denja odgovornosti<\/h4>\t\t\t\t<\/div>\n\t\t\t\t<\/div>\n\t\t\t\t<div class=\"elementor-element elementor-element-ac353ca elementor-widget elementor-widget-text-editor\" data-id=\"ac353ca\" data-element_type=\"widget\" data-widget_type=\"text-editor.default\">\n\t\t\t\t<div class=\"elementor-widget-container\">\n\t\t\t\t\t\t\t\t\t<ul><li>Sadr\u017eaj koji pru\u017eamo ima isklju\u010divo edukativnu svrhu. Ne preuzimamo odgovornost za bilo kakve posledice koje mogu nastati usled kori\u0161\u0107enja na\u0161ih video lekcija.<\/li><li>Ne garantujemo da \u0107e stranica biti uvek dostupna, bez gre\u0161aka ili prekida u radu. U slu\u010daju tehni\u010dkih problema, korisnicima \u0107emo pru\u017eiti podr\u0161ku u okviru mogu\u0107nosti.<\/li><\/ul>\t\t\t\t\t\t\t\t<\/div>\n\t\t\t\t<\/div>\n\t\t\t\t\t<\/div>\n\t\t<\/div>\n\t\t\t\t\t<\/div>\n\t\t<\/section>\n\t\t\t\t<section data-particle_enable=\"false\" data-particle-mobile-disabled=\"false\" class=\"elementor-section elementor-inner-section elementor-element elementor-element-361bdec elementor-section-boxed elementor-section-height-default elementor-section-height-default\" data-id=\"361bdec\" data-element_type=\"section\" data-settings=\"{&quot;_ha_eqh_enable&quot;:false}\">\n\t\t\t\t\t\t<div class=\"elementor-container elementor-column-gap-no\">\n\t\t\t\t\t<div class=\"elementor-column elementor-col-100 elementor-inner-column elementor-element elementor-element-9528427\" data-id=\"9528427\" data-element_type=\"column\">\n\t\t\t<div class=\"elementor-widget-wrap elementor-element-populated\">\n\t\t\t\t\t\t<div class=\"elementor-element elementor-element-3a8d4b3 elementor-widget elementor-widget-heading\" data-id=\"3a8d4b3\" data-element_type=\"widget\" data-widget_type=\"heading.default\">\n\t\t\t\t<div class=\"elementor-widget-container\">\n\t\t\t\t\t<h4 class=\"elementor-heading-title elementor-size-default\">Povrat novca<\/h4>\t\t\t\t<\/div>\n\t\t\t\t<\/div>\n\t\t\t\t<div class=\"elementor-element elementor-element-764b0db elementor-widget elementor-widget-text-editor\" data-id=\"764b0db\" data-element_type=\"widget\" data-widget_type=\"text-editor.default\">\n\t\t\t\t<div class=\"elementor-widget-container\">\n\t\t\t\t\t\t\t\t\t<p>Po\u017eeljno je da korisnici pa\u017eljivo pregledaju sadr\u017eaj pre nego \u0161to izvr\u0161e uplatu. Zbog prirode digitalnih proizvoda, povrat novca nije mogu\u0107, osim u izuzetnim slu\u010dajevima kada je to zakonski propisano.<\/p>\t\t\t\t\t\t\t\t<\/div>\n\t\t\t\t<\/div>\n\t\t\t\t<div class=\"elementor-element elementor-element-193840a elementor-widget elementor-widget-heading\" data-id=\"193840a\" data-element_type=\"widget\" data-widget_type=\"heading.default\">\n\t\t\t\t<div class=\"elementor-widget-container\">\n\t\t\t\t\t<h4 class=\"elementor-heading-title elementor-size-default\"> Privatnost i za\u0161tita podataka<\/h4>\t\t\t\t<\/div>\n\t\t\t\t<\/div>\n\t\t\t\t<div class=\"elementor-element elementor-element-b3ddf11 elementor-widget elementor-widget-text-editor\" data-id=\"b3ddf11\" data-element_type=\"widget\" data-widget_type=\"text-editor.default\">\n\t\t\t\t<div class=\"elementor-widget-container\">\n\t\t\t\t\t\t\t\t\t<ul><li>Va\u0161i li\u010dni podaci koji se prikupljaju prilikom registracije i pla\u010danja bi\u0107e kori\u0161\u0107eni u skladu sa na\u0161om Politikom privatnosti, koja je sastavni deo ovih Uslova.<\/li><li>Ne\u0107emo deliti va\u0161e podatke sa tre\u0107im stranama osim u slu\u010dajevima predvi\u0111enim zakonom ili u slu\u010daju potrebe za pru\u017eanjem usluga koje ste zatra\u017eili.<\/li><\/ul>\t\t\t\t\t\t\t\t<\/div>\n\t\t\t\t<\/div>\n\t\t\t\t<div class=\"elementor-element elementor-element-f7cdf4e elementor-widget elementor-widget-heading\" data-id=\"f7cdf4e\" data-element_type=\"widget\" data-widget_type=\"heading.default\">\n\t\t\t\t<div class=\"elementor-widget-container\">\n\t\t\t\t\t<h4 class=\"elementor-heading-title elementor-size-default\">Izmjene uslova<\/h4>\t\t\t\t<\/div>\n\t\t\t\t<\/div>\n\t\t\t\t<div class=\"elementor-element elementor-element-e4ee396 elementor-widget elementor-widget-text-editor\" data-id=\"e4ee396\" data-element_type=\"widget\" data-widget_type=\"text-editor.default\">\n\t\t\t\t<div class=\"elementor-widget-container\">\n\t\t\t\t\t\t\t\t\t<ul><li>Zadr\u017eavamo pravo da u bilo kojem trenutku izmenimo ili a\u017euriramo ove Uslove. Sve izmene \u0107e biti objavljene na stranici, a va\u0161a dalja upotreba stranice zna\u010di da prihvatate izmene.<\/li><\/ul><p>Hvala \u0161to koristite na\u0161u platformu i \u017eelimo vam uspe\u0161an i prijatan rad!<\/p>\t\t\t\t\t\t\t\t<\/div>\n\t\t\t\t<\/div>\n\t\t\t\t\t<\/div>\n\t\t<\/div>\n\t\t\t\t\t<\/div>\n\t\t<\/section>\n\t\t\t\t\t<\/div>\n\t\t<\/div>\n\t\t\t\t\t<\/div>\n\t\t<\/section>\n\t\t\t\t<\/div>\n\t\t","protected":false},"excerpt":{"rendered":"<p>Uslovi kori\u0161tenja Dobrodo\u0161li na video platformu Kusijego Akademije!Ovi uslovi kori\u0161tenja (&#8220;Uslovi&#8221;) ure\u0111uju Va\u0161 pristup i kori\u0161\u0107enje video lekcija i drugih sadr\u017eaja dostupnih na na\u0161oj stranici. Pristupanjem i kori\u0161\u0107enjem stranice, saglasni ste sa svim odredbama ovih Uslova. Ako se ne sla\u017eete sa bilo kojim od uslova, molimo vas da ne koristite ovu stranicu. Osnovne informacije o&#8230;<\/p>\n","protected":false},"author":206,"featured_media":0,"parent":0,"menu_order":0,"comment_status":"closed","ping_status":"closed","template":"","meta":{"footnotes":""},"class_list":["post-11142","page","type-page","status-publish","hentry"],"_links":{"self":[{"href":"https:\/\/kusijego.com\/ba\/wp-json\/wp\/v2\/pages\/11142","targetHints":{"allow":["GET"]}}],"collection":[{"href":"https:\/\/kusijego.com\/ba\/wp-json\/wp\/v2\/pages"}],"about":[{"href":"https:\/\/kusijego.com\/ba\/wp-json\/wp\/v2\/types\/page"}],"author":[{"embeddable":true,"href":"https:\/\/kusijego.com\/ba\/wp-json\/wp\/v2\/users\/206"}],"replies":[{"embeddable":true,"href":"https:\/\/kusijego.com\/ba\/wp-json\/wp\/v2\/comments?post=11142"}],"version-history":[{"count":29,"href":"https:\/\/kusijego.com\/ba\/wp-json\/wp\/v2\/pages\/11142\/revisions"}],"predecessor-version":[{"id":25160,"href":"https:\/\/kusijego.com\/ba\/wp-json\/wp\/v2\/pages\/11142\/revisions\/25160"}],"wp:attachment":[{"href":"https:\/\/kusijego.com\/ba\/wp-json\/wp\/v2\/media?parent=11142"}],"curies":[{"name":"wp","href":"https:\/\/api.w.org\/{rel}","templated":true}]}}